{"id":52,"date":"2018-05-31T21:27:48","date_gmt":"2018-05-31T19:27:48","guid":{"rendered":"https:\/\/www.lvganderkesee.de\/?page_id=52"},"modified":"2018-06-07T12:38:59","modified_gmt":"2018-06-07T10:38:59","slug":"der-lvg-aeltester-luftsportverein-am-flugplatz","status":"publish","type":"page","link":"https:\/\/www.lvganderkesee.de\/?page_id=52","title":{"rendered":"Der LVG &#8211; \u00e4ltester Luftsportverein am Flugplatz"},"content":{"rendered":"<p><img loading=\"lazy\" decoding=\"async\" class=\"wp-image-53 alignleft\" src=\"https:\/\/www.lvganderkesee.de\/wp-content\/uploads\/2018\/05\/logo_300_schatten_2-300x196.png\" alt=\"\" width=\"230\" height=\"150\" \/>Der Luftsportverein Ganderkesee (oder kurz LVG) ist ein gemeinn\u00fctziger Verein, der im November 1969 auf Initiative von vier Piloten,\u00a0 die seinerzeit \u00fcber die Interessengemeinschaft Flugplatz Ganderkesee zusammen geschlossen waren, gegr\u00fcndet. Er spielte damit eine entscheidende Rolle bei der Gr\u00fcndung des Flugplatzes Ganderkesee.<\/p>\n<p>In den 40 Jahren seiner Existenz gab es viele Hoch\u2019s und Tief\u2019s. Von den derzeit etwa 15 Mitgliedern, hiervon 9 aktive Piloten, sind viele schon seit Jahrzehnten Mitglied.<\/p>\n<figure id=\"attachment_58\" aria-describedby=\"caption-attachment-58\" style=\"width: 150px\" class=\"wp-caption alignleft\"><a href=\"https:\/\/www.lvganderkesee.de\/wp-content\/uploads\/2018\/05\/erstelandung.jpg\"><img loading=\"lazy\" decoding=\"async\" class=\"size-thumbnail wp-image-58\" src=\"https:\/\/www.lvganderkesee.de\/wp-content\/uploads\/2018\/05\/erstelandung-150x150.jpg\" alt=\"\" width=\"150\" height=\"150\" srcset=\"https:\/\/www.lvganderkesee.de\/wp-content\/uploads\/2018\/05\/erstelandung-150x150.jpg 150w, https:\/\/www.lvganderkesee.de\/wp-content\/uploads\/2018\/05\/erstelandung-100x100.jpg 100w\" sizes=\"auto, (max-width: 150px) 100vw, 150px\" \/><\/a><figcaption id=\"caption-attachment-58\" class=\"wp-caption-text\">Erste Landung in Ganderkesee<\/figcaption><\/figure>\n<p>Vor einigen Jahren verkaufte der LVG seine beiden Clubmaschinen. Auch wenn es im ersten Moment etwas seltsam erscheint, dass ein Luftsportverein kein eigenes Flugger\u00e4t besitzt, erlaub uns dies eine sehr schlanke Struktur. Dem Verein entstehen so keinerlei Kosten f\u00fcr den Unterhalt der Maschinen. Dies macht uns unabh\u00e4ngig und erlaubt extrem g\u00fcnstige Mitgliedsbeitr\u00e4ge (siehe <a href=\"https:\/\/www.lvganderkesee.de\/?wpdmpro=beitragsordnung-des-lvg\" target=\"_blank\" rel=\"noopener\">Beitragsordnung<\/a>). Am Flugplatz ist jedoch die v\u00f6llig problemlose und unb\u00fcrokratische Charterung von \u00a01 x UL Breezer B400, 1 x Cessna F150M, 3 x Cessna 172 und 1 x Piper PA28-160 Warrior 2 m\u00f6glich. Alle Maschinen sind in einem sehr gepflegten Zustand. Eine Reservierung der Maschinen ist \u00fcber das Internet rund um die Uhr m\u00f6glich. \u00a0Wir m\u00fcssen uns weder um Wartung, noch um Betankung oder Reinigung k\u00fcmmern.<\/p>\n<p>Der Verein und seine Mitglieder sind automatisch Mitglied im <a href=\"http:\/\/www.daec-lvn.de\" target=\"_blank\" rel=\"noopener\">Landesverband Niedersachen<\/a> des <a href=\"http:\/\/www.daec.de\/\" target=\"_blank\" rel=\"noopener\">Deutschen Aeroclub e.V. (DAeC)<\/a>.<\/p>\n<p>Unser Verein ist ideal f\u00fcr Personen, die nicht einfach so f\u00fcr sich allein fliegen wollen, sondern Spa\u00df an gemeinsamen Unternehmungen haben und sich mit anderen Flugbegeisterten austauschen m\u00f6chten. Eines unserer Mitglieder ist ein erfahrener Fluglehrer, soda\u00df auch die geforderten \u00dcbungsfl\u00fcge mit Fluglehrer v\u00f6llig unproblematisch zu bewerkstelligen sind. Auch werden solche Fl\u00fcge durch den Verein bezuschusst. Wer sich \u00a0fliegerisch weiterentwickeln m\u00f6chte, egal ob Anf\u00e4nger oder Fortgeschrittener ist bei uns bestens aufgehoben und auch als Gast jederzeit gern gesehen.<\/p>\n<p>Regelm\u00e4\u00dfig organisieren wir diverse Veranstaltungen wie zum Beispiel:<\/p>\n<ul>\n<li>M\u00f6glichst einmal im Jahr organisieren wir einen gemeinsamen Flug, je nach Ziel\u00a0auch mit \u00dcbernachtung. Einige Beispiele sind im Bereich Fliegerische Aktivit\u00e4ten zu finden.<\/li>\n<li>Monatlich treffen wir uns zu Clubabenden, um uns auszutauschen. Im Rahmen dieser Clubabende bieten wir auch in unregelm\u00e4\u00dfigen Abst\u00e4nde diverse Vortr\u00e4ge an.<\/li>\n<li>in Zusammenarbeit aller ortsans\u00e4ssiger Vereine finden 4x im Jahr Fortbildungsveranstaltungen als s.g. \u201eGanderkeseer Pilotenabende\u201c statt. Au\u00dferdem werden zwanglos monatliche Treffen in kleiner Runde zu ausgesuchten Themen angeboten (\u201eAIRfahrungsaustausch\u201c)<\/li>\n<li>Im Dezember findet ein Kegelabend mit gemeinsamen Essen in vorweihnachtlicher Atmosph\u00e4re statt<\/li>\n<\/ul>\n<p>Es braucht niemand Angst vor irgendwelchen Verpflichtungen im Verein zu haben. Wir betrachten uns als Interessengemeinschaft von flugbegeisterten Privatpiloten. Es gibt ebensowenig einen Arbeitsdienst, wie Pflichtveranstaltungen.<\/p>\n<p>Sollten Sie Interesse an unserem Verein haben, finden Sie unsere Satzung, die Beitragsordnung sowie den Aufnahmeantrag im <a href=\"https:\/\/www.lvganderkesee.de\/?page_id=27\">Downloadbereich<\/a>. Wir freuen uns nat\u00fcrlich auch \u00fcber einen Anruf oder eine Mail, oder sie schauen einfach mal beim Clubabend (siehe Terminkalender) oder einer unserer Veranstaltungen pers\u00f6nlich vorbei.<\/p>\n<p>Unser Flyer kann hier heruntergeladen werden.<\/p>\n<div class='w3eden'><!-- WPDM Link Template: Default Template -->\n\n<div class=\"link-template-default card mb-2\">\n    <div class=\"card-body\">\n        <div class=\"media\">\n            <div class=\"mr-3 img-48\"><img decoding=\"async\" class=\"wpdm_icon\" alt=\"Icon\"   src=\"https:\/\/www.lvganderkesee.de\/wp-content\/plugins\/download-manager\/assets\/file-type-icons\/pdf.svg\" \/><\/div>\n            <div class=\"media-body\">\n                <h3 class=\"package-title\"><a href='https:\/\/www.lvganderkesee.de\/?wpdmpro=lvg-flyer'>LVG Flyer<\/a><\/h3>\n                <div class=\"text-muted text-small\"><i class=\"fas fa-copy\"><\/i> 1 Datei(en) <i class=\"fas fa-hdd ml-3\"><\/i> 1.25 MB<\/div>\n            <\/div>\n            <div class=\"ml-3\">\n                <a class='wpdm-download-link download-on-click btn btn-primary ' rel='nofollow' href='#' data-downloadurl=\"https:\/\/www.lvganderkesee.de\/?wpdmpro=lvg-flyer&wpdmdl=55&refresh=69fb3c9a6512e1778072730\">Download<\/a>\n            <\/div>\n        <\/div>\n    <\/div>\n<\/div>\n\n<\/div>\n","protected":false},"excerpt":{"rendered":"<p>Der Luftsportverein Ganderkesee (oder kurz LVG) ist ein gemeinn\u00fctziger Verein, der im November 1969 auf Initiative von vier Piloten,\u00a0 die seinerzeit \u00fcber die Interessengemeinschaft Flugplatz Ganderkesee zusammen geschlossen waren, gegr\u00fcndet. Er spielte damit eine entscheidende Rolle bei der Gr\u00fcndung des Flugplatzes Ganderkesee. In den 40 Jahren seiner Existenz gab es viele Hoch\u2019s und Tief\u2019s. Von &hellip; <\/p>\n<p class=\"link-more\"><a href=\"https:\/\/www.lvganderkesee.de\/?page_id=52\" class=\"more-link\"><span class=\"screen-reader-text\">\u201eDer LVG &#8211; \u00e4ltester Luftsportverein am Flugplatz\u201c <\/span>weiterlesen<\/a><\/p>\n","protected":false},"author":1,"featured_media":0,"parent":0,"menu_order":0,"comment_status":"closed","ping_status":"closed","template":"","meta":{"_crdt_document":"","footnotes":""},"class_list":["post-52","page","type-page","status-publish","hentry"],"_links":{"self":[{"href":"https:\/\/www.lvganderkesee.de\/index.php?rest_route=\/wp\/v2\/pages\/52","targetHints":{"allow":["GET"]}}],"collection":[{"href":"https:\/\/www.lvganderkesee.de\/index.php?rest_route=\/wp\/v2\/pages"}],"about":[{"href":"https:\/\/www.lvganderkesee.de\/index.php?rest_route=\/wp\/v2\/types\/page"}],"author":[{"embeddable":true,"href":"https:\/\/www.lvganderkesee.de\/index.php?rest_route=\/wp\/v2\/users\/1"}],"replies":[{"embeddable":true,"href":"https:\/\/www.lvganderkesee.de\/index.php?rest_route=%2Fwp%2Fv2%2Fcomments&post=52"}],"version-history":[{"count":4,"href":"https:\/\/www.lvganderkesee.de\/index.php?rest_route=\/wp\/v2\/pages\/52\/revisions"}],"predecessor-version":[{"id":97,"href":"https:\/\/www.lvganderkesee.de\/index.php?rest_route=\/wp\/v2\/pages\/52\/revisions\/97"}],"wp:attachment":[{"href":"https:\/\/www.lvganderkesee.de\/index.php?rest_route=%2Fwp%2Fv2%2Fmedia&parent=52"}],"curies":[{"name":"wp","href":"https:\/\/api.w.org\/{rel}","templated":true}]}}