{"id":4,"date":"2018-05-27T21:53:17","date_gmt":"2018-05-27T21:53:17","guid":{"rendered":"http:\/\/lvganderkesee.de\/?page_id=4"},"modified":"2018-06-20T18:23:03","modified_gmt":"2018-06-20T16:23:03","slug":"datenschutzerklaerung","status":"publish","type":"page","link":"https:\/\/www.lvganderkesee.de\/?page_id=4","title":{"rendered":"Datenschutzerkl\u00e4rung"},"content":{"rendered":"<h2>Wer wir sind<\/h2>\n<p>Die Seite www.lvganderkesee.de wird betrieben vom Luftsportverein Ganderkesee e.V. (LVG), \u00a027777 Ganderkesee, Deutschland<\/p>\n<p>Weitere Angaben zum Betreiber und den Kontaktdaten finden Sie im\u00a0<a href=\"https:\/\/www.lvganderkesee.de\/?page_id=6\">Impressum<\/a>.<\/p>\n<h2>Welche Daten wir verarbeiten<\/h2>\n<h3>informatorische Nutzung<\/h3>\n<p>Bei der blo\u00df informatorischen Nutzung der Website, also wenn Sie sich nicht registrieren oder uns anderweitig Informationen \u00fcbermitteln, erheben wir nur die personenbezogenen Daten, die Ihr Browser an unseren Server \u00fcbermittelt. Dies sind die folgenden, f\u00fcr die Anzeige unsere Website auf Ihrem Browser technisch erforderlichen Daten (Rechtsgrundlage hierf\u00fcr ist Art. 6 Abs. 1 Satz 1 lit. f) DSGVO). Diese Daten werden vom Provider des Webspaces automatisch in so genannten Server-Log-Dateien gespeichert und f\u00fcr statistische Zwecke anonym ausgewertet. Eine Zusammenf\u00fchrung mit anderen Datenquellen findet nicht statt. Im Einzelnen werden gespeichert:<\/p>\n<ul>\n<li>Ihre IP-Adresse<\/li>\n<li>Datum und Uhrzeit Ihres Besuches auf unseren Webseiten<\/li>\n<li>welche unserer Webseiten Sie besucht haben und die Verweildauer<\/li>\n<li>Zugriffsstatus\/http-Statuscode<\/li>\n<li>jeweils \u00fcbertragene Datenmenge<\/li>\n<li>den von Ihnen genutzten Webbrowser<\/li>\n<li>Sprache und Version der Browsersoftware<\/li>\n<li>das von Ihnen verwendete Betriebssystem und dessen Oberfl\u00e4che<\/li>\n<li>den Domainnamen Ihres Internet Service Providers<\/li>\n<li>die Website von der Sie auf unserer Website gelangt sind<\/li>\n<\/ul>\n<h3>Kommentare<\/h3>\n<p>Wenn Besucher Kommentare auf der Website schreiben, sammeln wir die Daten, die im Kommentar-Formular angezeigt werden, au\u00dferdem die IP-Adresse des Besuchers und den User-Agent-String (damit wird der Browser identifiziert), um die Erkennung von Spam zu unterst\u00fctzen.<\/p>\n<p>Aus Ihrer E-Mail-Adresse kann eine an-onymisierte Zeichenfolge erstellt (auch Hash genannt) und dem Gravatar-Dienst \u00fcbergeben werden, um zu pr\u00fcfen, ob Sie diesen benutzen. Die Datenschutzerkl\u00e4rung des Gravatar-Dienstes finden Sie hier: <a href=\"https:\/\/ automattic.com\/privacy\/\" target=\"_blank\" rel=\"noopener\">https:\/\/ automattic.com\/privacy\/<\/a>. Nachdem Ihr Kommentar freigegeben wurde, ist Ihr Profilbild \u00f6ffentlich im Kontext Ihres Kommentars sichtbar.<\/p>\n<h3>Medien<\/h3>\n<p>Wenn Sie ein registrierter Benutzer sind und Fotos auf diese Website laden, sollten Sie ver- meiden, Fotos mit einem EXIF-GPS-Standort hochzuladen. Besucher dieser Website k\u00f6nn- ten Fotos, die auf dieser Website gespei- chert sind, herunterladen und deren Standort- Informationen extrahieren.<\/p>\n<h3>Kontaktformulare<\/h3>\n<p>Die im Kontaktformular \u00fcbermittelten Daten (Name, E-Mail-Adresse, Text) werden weder weitergegeben noch f\u00fcr Marketing-Zwecke verwendet. Eine Speicherung erfolgt nur so lange, bis die Anfrage abschlie\u00dfend bearbei- tet werden konnte. Zugriff auf diese Daten hat ausschlie\u00dflich der Vorstand des Luftsportvereines Ganderkesee.<\/p>\n<h3>Verwendung von Cookies auf unserer Website<\/h3>\n<p>Zus\u00e4tzlich zu den zuvor genannten Daten werden bei der Nutzung unserer Website Cookies auf Ihrem Rechner gespeichert. Bei Cookies handelt es sich um kleine Textdateien, die auf Ihrer Festplatte dem von Ihnen verwendeten Browser zugeordnet gespeichert werden und durch welche der Stelle, die den Cookie setzt (hier durch uns), bestimmte Informationen zuflie\u00dfen. Cookies k\u00f6nnen keine Programme ausf\u00fchren oder Viren auf Ihren Computer \u00fcbertragen. Sie dienen dazu, das Internetangebot insgesamt nutzerfreundlicher und effektiver zu machen. Rechtsgrundlage f\u00fcr die Verwendung von Cookies ist Art. 6 Abs. 1 Satz 1 lit. f) DSGVO.<\/p>\n<p>Das schreiben eines Kommentars auf unserer Website, ist gleichzeitig als Einwilligung zu verstehen, Name, E-Mail-Adresse und Website in Cookies zu speichern. Dies ist eine Komfortfunktion, damit beim Schreiben eines weiteren Kommentars nicht all diese Daten erneut eingegeben werden m\u00fcssen. Diese Cookies werden ein Jahr lang gespeichert.<\/p>\n<p>Wenn ein Benutzerkonto besteht, wird bei Anmeldung auf dieser Website, ein tempor\u00e4res Cookie gesetzt, um festzustellen, ob Ihr Browser Cookies akzeptiert. Dieses Cookie enth\u00e4lt keine personenbezogenen Daten und wird verworfen, wenn der Browser geschlossen wird.<\/p>\n<div class=\"page\" title=\"Page 6\">\n<div class=\"layoutArea\">\n<div class=\"column\">\n<p>Bei der Anmeldung werden einige Cookies eingerichtet, um Ihre Anmeldeinformationen und Anzeigeoptionen zu speichern. Anmelde-Cookies verfallen nach zwei Tagen und Cookies f\u00fcr die Anzeigeoptionen nach einem Jahr. Falls bei der Anmeldung \u201eAngemeldet bleiben\u201c ausgew\u00e4hlt wird, wird die Anmeldung zwei Wochen lang aufrechterhalten. Mit der Abmeldung aus dem Konto werden die Anmelde-Cookies gel\u00f6scht.<\/p>\n<p>(Wenn Sie einen Artikel bearbeiten oder ver\u00f6ffentlichen, wird ein zus\u00e4tzlicher Cookie im Browser gespeichert. Dieser Cookie enth\u00e4lt keine personenbezogenen Daten und verweist nur auf die Beitrags-ID des Artikels, der gerade bearbeitet wurde. Der Cookie verf\u00e4llt nach einem Tag.<\/p>\n<p>Sie k\u00f6nnen Ihre Browser-Einstellung ent- sprechend Ihren W\u00fcnschen konfigurieren und z.B. die Annahme von Third-Party-Cookies oder allen Cookies ablehnen. Wir weisen Sie darauf hin, dass Sie dann eventuell nicht alle Funktionen dieser Website nutzen k\u00f6nnen.<\/p>\n<h3>Verwendung von Cookies durch Dritte<\/h3>\n<p>Auf einigen unserer Internetseiten sind evtl. In- halte und Dienste von anderen Anbietern (z.B. YouTube, Facebook, Twitter) eingebunden, die ihrerseits Cookies und aktive Komponenten verwenden k\u00f6nnen.<\/p>\n<p>Wir haben auf die Verarbeitung von personen- bezogenen Daten durch diese Anbieter keinen\u00a0<span style=\"font-size: 1rem;\">Einfluss. Bitte beachten Sie, dass die von uns bereitgestellte M\u00f6glichkeit zur Einstellung der zu verwendenden Cookies keine Auswirkungen auf Cookies und aktive Komponenten an- derer Anbieter (z.B. YouTube, Facebook, Twitter) hat. Bitte informieren Sie sich auf den Internetseiten der jeweiligen Anbieter \u00fcber den Umgang mit Ihren Daten.<\/span><\/p>\n<\/div>\n<div class=\"column\">\n<h3>Verwendung von externen Links<\/h3>\n<p>Unsere Internetseiten k\u00f6nnen Links zu Internetseiten Dritter \u2013 mit uns nicht verbundener Anbieter \u2013 enthalten. Nach Anklicken des Links haben wir keinen Einfluss mehr auf die Erhebung, Speicherung, Verarbeitung etwaiger mit dem Anklicken des Links an den Dritten \u00fcbertragener, personenbezogener Daten (wie zum Beispiel die IP-Adresse oder die URL der Seite, auf der sich der Link befindet), da das Verhalten Dritter naturgem\u00e4\u00df unserer Kontrolle entzogen ist. F\u00fcr die Verarbeitung derartiger personenbezogener Daten durch Dritte \u00fcbernehmen wir keine Verantwortung. Dieses vorangeschickt bitten wir um Beachtung der folgenden Hinweise.<\/p>\n<h4>Facebook<\/h4>\n<p>Auf unseren Seiten sind ggf. Plugins des sozialen Netzwerks Facebook (Facebook Inc., 1601 Willow Road, Men- lo Park, California, 94025, USA) integriert. Die Facebook-Plugins erkennen Sie an dem Facebook-Logo auf unserer Seite. Eine \u00dcbersicht \u00fcber die Facebook-Plugins finden Sie hier: <a href=\"http:\/\/developers.facebook. com\/docs\/plugins\/\">http:\/\/developers.facebook. com\/docs\/plugins\/<\/a>.<\/p>\n<p>Wenn Sie unsere Seiten besuchen, wird \u00fcber das Plugin eine direkte Verbindung zwischen Ihrem Browser und dem Facebook-Server hergestellt. Facebook erh\u00e4lt dadurch die Information, dass Sie mit Ihrer IP-Adresse unsere Seite besucht haben. Wenn Sie den Facebook \u201eLike-Button\u201c anklicken w\u00e4hrend Sie in Ihrem Facebook-Account eingeloggt sind, k\u00f6n<span style=\"font-size: 1rem;\">nen Sie die Inhalte unserer Seiten auf Ihrem Facebook-Profil verlinken. Dadurch kann Facebook den Besuch unserer Seiten Ihrem Benutzerkonto zuordnen. Wir weisen darauf hin, dass wir als Anbieter der Seiten keine Kenntnis vom Inhalt der \u00fcbermittelten Daten sowie deren Nutzung durch Facebook erhalten. Weitere Informationen hierzu finden Sie in der Datenschutzerkl\u00e4rung von Facebook unter <a href=\"http:\/\/ de-de.facebook.com\/policy.php\">http:\/\/ de-de.facebook.com\/policy.php<\/a> .<\/span><\/p>\n<\/div>\n<\/div>\n<\/div>\n<div class=\"page\" title=\"Page 7\">\n<div class=\"layoutArea\">\n<div class=\"column\">\n<p>Wenn Sie nicht w\u00fcnschen, dass Facebook den Besuch unserer Seiten Ihrem Facebook- Nutzerkonto zuordnen kann, loggen Sie sich bitte aus Ihrem Facebook-Benutzerkonto aus.<\/p>\n<h4>Twitter<\/h4>\n<p>Auf unseren Seiten sind ggf. Funktionen des Dienstes Twitter eingebunden. Diese Funktionen werden angeboten durch die Twitter Inc. (Twitter, Inc. 1355 Market St, Suite 900, San Francisco, CA 94103, USA). Durch das Benutzen von Twitter und der Funktion \u201eRe-Tweet\u201c werden die von Ihnen besuchten Webseiten mit Ihrem Twitter-Account verkn\u00fcpft und anderen Nutzern bekannt gegeben. Dabei werden auch Daten an Twitter \u00fcbertragen. Wir weisen darauf hin, dass wir als Anbieter der Seiten keine Kenntnis vom Inhalt der \u00fcbermittelten Daten sowie deren Nutzung durch Twitter erhalten. Weitere Informationen hierzu finden Sie in der Datenschutzerkl\u00e4rung von Twitter unter <a href=\"http:\/\/twitter.com\/ privacy\" target=\"_blank\" rel=\"noopener\">http:\/\/twitter.com\/ privacy<\/a>.<\/p>\n<p>Ihre Datenschutzeinstellungen bei Twitter k\u00f6nnen Sie in den Konto-Einstellungen unter <a href=\"http:\/\/twitter.com\/account\/ settings\" target=\"_blank\" rel=\"noopener\">http:\/\/twitter.com\/account\/ settings<\/a> \u00e4ndern.<\/p>\n<h2>Wie lange wir Ihre Daten speichern<\/h2>\n<p>Wenn Sie einen Kommentar schreiben, wird dieser inklusive Metadaten zeitlich unbegrenzt gespeichert. Auf diese Art k\u00f6nnen wir Folgekommentare automatisch erkennen und frei<span style=\"font-size: 1rem;\">geben, anstelle sie in einer Moderations-Warteschlange festzuhalten.<\/span><\/p>\n<\/div>\n<div class=\"column\">\n<p>F\u00fcr Benutzer, die sich auf unserer Website registrieren, speichern wir zus\u00e4tzlich die pers\u00f6nlichen Informationen, die sie in ihren Benutzerprofilen angeben. Alle Benutzer k\u00f6nnen jederzeit ihre pers\u00f6nlichen Informationen einsehen, ver\u00e4ndern oder l\u00f6schen (der Benutzername kann nicht ver\u00e4ndert werden). Administratoren der Website k\u00f6nnen diese Informationen ebenfalls einsehen und ver\u00e4ndern.<\/p>\n<h2>Wohin wir Ihre Daten senden<\/h2>\n<p>Besucher-Kommentare k\u00f6nnten von einem automatisierten Dienst zur Spam-Erkennung untersucht werden.<\/p>\n<h2>Verwendung personenbezogener Daten und Zweckbindung<\/h2>\n<p>Wir oder ein von uns beauftragtes Dienstleistungsunternehmen nutzt Ihre personenbezogenen Daten zu Zwecken der technischen Administration der Webseiten und f\u00fcr Ihre Anfragen nur im jeweils daf\u00fcr erforderlichen Umfang oder gem\u00e4\u00df den Angaben der Verarbeitungszwecke an den entsprechenden Stellen unserer Webseiten. Unsere Mitarbeiter und die von uns beauftragten Dienstleistungsunternehmen sind zur Verschwiegenheit und zur Einhaltung der Bestimmungen der Datenschutzgrundverordnung der Europ\u00e4ischen Union sowie des Bundesdatenschutzgesetzes verpflichtet. Die beauftragten Dienstleistungsunternehmen wurden sorgf\u00e4ltig ausgew\u00e4hlt und beauftragt, sind an unsere Weisungen gebunden und werden regelm\u00e4\u00dfig kontrolliert.<\/p>\n<p>Des Weiteren werden alle erforderlichen technischen und organisatorischen Ma\u00dfnahmen zur Einhaltung des Datenschutzes ergriffen.<\/p>\n<\/div>\n<\/div>\n<\/div>\n<div class=\"page\" title=\"Page 8\">\n<div class=\"layoutArea\">\n<div class=\"column\">\n<h1>Rechte der betroffenen Person<\/h1>\n<div class=\"page\" title=\"Page 8\">\n<div class=\"layoutArea\">\n<div class=\"column\">\n<h2>Daten die aufgrund einer erteilten Einwilligung verarbeitet werden<\/h2>\n<p>Falls Sie eine Einwilligung zur Verarbeitung Ihrer Daten erteilt haben, k\u00f6nnen Sie diese jederzeit wiederrufen. Ein solcher Widerruf beeinflusst die Zul\u00e4ssigkeit der Verarbeitung Ihrer personenbezogenen Daten, nachdem Sie ihn gegen\u00fcber uns ausgesprochen haben.<\/p>\n<\/div>\n<\/div>\n<\/div>\n<p>Bitte beachten Sie, dass Sie der Erhebung und Verarbeitung von personenbezogenen Daten nicht widersprechen k\u00f6nnen, wenn die Daten anl\u00e4sslich einer Mitgliedschaft in einem Verein oder der beantragten Aufnah- me in einen Verein von diesem erhoben werden und ausschlie\u00dflich zum Zwecke der Gew\u00e4hrung der aus der Mitgliedschaft resultierenden Rechte verwendet werden. Unber\u00fchrt bleibt die Verpflichtung des Vereins als verantwortlicher Stelle zur Einhaltung des Datenschutzes und zur Erf\u00fcllung der Informationspflichten.<\/p>\n<p>Soweit wir Ihre personenbezogenen Daten nicht aufgrund Ihrer Einwilligung, zur Erf\u00fcllung eines mit Ihnen geschlossenen oder in An- bahnung befindlichen Vertrages (einschlie\u00dflich der Mitgliedschaft in einem Verein) oder aufgrund eines anderen gesetzlichen Erlaubnistatbestandes verarbeiten, sondern aufgrund einer Interessenabw\u00e4gung nach Art. 6 Abs. 1 Satz 1 lit. f) DSGVO, k\u00f6nnen Sie Widerspruch gegen die Verarbeitung einlegen. Wenn Sie in einem solchen Falle der Nutzung Ihrer Daten wider- sprechen, bitten wir um Darlegung der Gr\u00fcnde\u00a0<span style=\"font-size: 1rem;\">weshalb Ihre personenbezogenen Daten nicht gem\u00e4\u00df unserer Beschreibung verarbeitet werden sollten. Wir werden sodann die Sachlage pr\u00fcfen und entweder die Verarbeitung Ihrer Daten einstellen bzw. anpassen oder Ihnen unsere zwingenden schutzw\u00fcrdigen Gr\u00fcnde aufzeigen, aufgrund derer wir die Verarbeitung fortf\u00fchren.<\/span><\/p>\n<\/div>\n<div class=\"column\">\n<h2>Weitere Rechte<\/h2>\n<p>Sie haben ferner gegen\u00fcber uns folgende Rechte hinsichtlich der Sie betreffenden personenbezogenen Daten:<\/p>\n<ul>\n<li>Recht auf Auskunft<\/li>\n<li>Recht auf Berichtigung oder L\u00f6schung<\/li>\n<li>Recht auf Einschr\u00e4nkung der Verarbei- tung<\/li>\n<li>Recht auf Widerspruch gegen die Verar- beitung<\/li>\n<li>Recht auf Daten\u00fcbertragbarkeit<\/li>\n<li>Recht, sich bei einer Datenschutz- Aufsichtsbeh\u00f6rde \u00fcber die Verarbeitung Ihrer personenbezogenen Daten durch uns zu beschweren.<\/li>\n<\/ul>\n<h3>Automatisierte Entscheidungsfindung, Pro- filing, Daten\u00fcbermittlung in Nicht-EU- Staaten<\/h3>\n<p>Die Daten werden nicht f\u00fcr eine automatisierte Entscheidungsfindung oder ein Profiling ver- wendet. Eine Daten\u00fcbermittlung (mit Ausnah- me der f\u00fcr die Benutzung unserer Homepage beschriebenen Tatbest\u00e4nde) an Stellen au\u00dfer- halb der Europ\u00e4ischen Union findet nicht statt.<\/p>\n<p>Die vollst\u00e4ndige Datenschutzerkl\u00e4rung des LVG k\u00f6nnen Sie hier herunterladen\u00a0<div class='w3eden'><!-- WPDM Link Template: Default Template -->\n\n<div class=\"link-template-default card mb-2\">\n    <div class=\"card-body\">\n        <div class=\"media\">\n            <div class=\"mr-3 img-48\"><img decoding=\"async\" class=\"wpdm_icon\" alt=\"Icon\"   src=\"https:\/\/www.lvganderkesee.de\/wp-content\/plugins\/download-manager\/assets\/file-type-icons\/pdf.svg\" \/><\/div>\n            <div class=\"media-body\">\n                <h3 class=\"package-title\"><a href='https:\/\/www.lvganderkesee.de\/?wpdmpro=lvg-datenschutzerklaerung'>Datenschutzerkl\u00e4rung des LVG<\/a><\/h3>\n                <div class=\"text-muted text-small\"><i class=\"fas fa-copy\"><\/i> 1 Datei(en) <i class=\"fas fa-hdd ml-3\"><\/i> 98.62 KB<\/div>\n            <\/div>\n            <div class=\"ml-3\">\n                <a class='wpdm-download-link download-on-click btn btn-primary ' rel='nofollow' href='#' data-downloadurl=\"https:\/\/www.lvganderkesee.de\/?wpdmpro=lvg-datenschutzerklaerung&wpdmdl=23&refresh=69fb3c9a630cc1778072730\">Download<\/a>\n            <\/div>\n        <\/div>\n    <\/div>\n<\/div>\n\n<\/div><\/p>\n<\/div>\n<\/div>\n<\/div>\n","protected":false},"excerpt":{"rendered":"<p>Wer wir sind Die Seite www.lvganderkesee.de wird betrieben vom Luftsportverein Ganderkesee e.V. (LVG), \u00a027777 Ganderkesee, Deutschland Weitere Angaben zum Betreiber und den Kontaktdaten finden Sie im\u00a0Impressum. Welche Daten wir verarbeiten informatorische Nutzung Bei der blo\u00df informatorischen Nutzung der Website, also wenn Sie sich nicht registrieren oder uns anderweitig Informationen \u00fcbermitteln, erheben wir nur die personenbezogenen &hellip; <\/p>\n<p class=\"link-more\"><a href=\"https:\/\/www.lvganderkesee.de\/?page_id=4\" class=\"more-link\"><span class=\"screen-reader-text\">\u201eDatenschutzerkl\u00e4rung\u201c <\/span>weiterlesen<\/a><\/p>\n","protected":false},"author":1,"featured_media":0,"parent":0,"menu_order":0,"comment_status":"closed","ping_status":"closed","template":"","meta":{"_crdt_document":"","footnotes":""},"class_list":["post-4","page","type-page","status-publish","hentry"],"_links":{"self":[{"href":"https:\/\/www.lvganderkesee.de\/index.php?rest_route=\/wp\/v2\/pages\/4","targetHints":{"allow":["GET"]}}],"collection":[{"href":"https:\/\/www.lvganderkesee.de\/index.php?rest_route=\/wp\/v2\/pages"}],"about":[{"href":"https:\/\/www.lvganderkesee.de\/index.php?rest_route=\/wp\/v2\/types\/page"}],"author":[{"embeddable":true,"href":"https:\/\/www.lvganderkesee.de\/index.php?rest_route=\/wp\/v2\/users\/1"}],"replies":[{"embeddable":true,"href":"https:\/\/www.lvganderkesee.de\/index.php?rest_route=%2Fwp%2Fv2%2Fcomments&post=4"}],"version-history":[{"count":7,"href":"https:\/\/www.lvganderkesee.de\/index.php?rest_route=\/wp\/v2\/pages\/4\/revisions"}],"predecessor-version":[{"id":146,"href":"https:\/\/www.lvganderkesee.de\/index.php?rest_route=\/wp\/v2\/pages\/4\/revisions\/146"}],"wp:attachment":[{"href":"https:\/\/www.lvganderkesee.de\/index.php?rest_route=%2Fwp%2Fv2%2Fmedia&parent=4"}],"curies":[{"name":"wp","href":"https:\/\/api.w.org\/{rel}","templated":true}]}}