{"id":187,"date":"2019-09-02T18:38:15","date_gmt":"2019-09-02T16:38:15","guid":{"rendered":"https:\/\/www.lvganderkesee.de\/?page_id=187"},"modified":"2019-09-02T19:03:55","modified_gmt":"2019-09-02T17:03:55","slug":"links-zur-fliegerischen-fortbildung","status":"publish","type":"page","link":"https:\/\/www.lvganderkesee.de\/?page_id=187","title":{"rendered":"Links zur fliegerischen Fortbildung"},"content":{"rendered":"<h4 class=\"simple-links-title\">Links zur fliegerischen Fortbildung<\/h4><ul class=\"simple-links-list\" ><li class=\"simple-links-item simple-links-shortcode-item\" id=\"link-185\"><a href=\"https:\/\/aopa.de\/publikationen\/aopa-safety-letter\/aopa-safety-letter.html\" title=\"Stand 02.09.2019 finden sich hier 38 Safety-Letters im pdf-Format. Es finden sich Themen wie: Ersch\u00f6pfung\/Fatigue, Unf\u00e4lle in der allgemeinen Luftfahrt, besondere Wetterverh\u00e4ltnisse, fliegen zu fremden Pl\u00e4tzen und vieles mehr. In jedem Safety-Letter wird ein einzelnes Thema kurz und pr\u00e4gnant beleuchtet.\" target=\"_blank\" ><img loading=\"lazy\" decoding=\"async\" width=\"148\" height=\"45\" src=\"https:\/\/www.lvganderkesee.de\/wp-content\/uploads\/2019\/09\/aopa-e1567443583688.png\" class=\"attachment-thumbnail size-thumbnail wp-post-image\" alt=\"\" sizes=\"auto, 100vw\" \/><br>AOPA Safety-Letters<\/a>- <span class=\"link-description\"><p>Stand 02.09.2019 finden sich hier 38 Safety-Letters im pdf-Format. Es finden sich Themen wie: Ersch\u00f6pfung\/Fatigue, Unf\u00e4lle in der allgemeinen Luftfahrt, besondere Wetterverh\u00e4ltnisse, fliegen zu fremden Pl\u00e4tzen und vieles mehr. In jedem Safety-Letter wird ein einzelnes Thema kurz und pr\u00e4gnant beleuchtet.<\/p>\n<\/span><\/li><\/ul><!-- End .simple-links-list -->\n","protected":false},"excerpt":{"rendered":"","protected":false},"author":1,"featured_media":0,"parent":128,"menu_order":0,"comment_status":"closed","ping_status":"closed","template":"","meta":{"_crdt_document":"","footnotes":""},"class_list":["post-187","page","type-page","status-publish","hentry"],"_links":{"self":[{"href":"https:\/\/www.lvganderkesee.de\/index.php?rest_route=\/wp\/v2\/pages\/187","targetHints":{"allow":["GET"]}}],"collection":[{"href":"https:\/\/www.lvganderkesee.de\/index.php?rest_route=\/wp\/v2\/pages"}],"about":[{"href":"https:\/\/www.lvganderkesee.de\/index.php?rest_route=\/wp\/v2\/types\/page"}],"author":[{"embeddable":true,"href":"https:\/\/www.lvganderkesee.de\/index.php?rest_route=\/wp\/v2\/users\/1"}],"replies":[{"embeddable":true,"href":"https:\/\/www.lvganderkesee.de\/index.php?rest_route=%2Fwp%2Fv2%2Fcomments&post=187"}],"version-history":[{"count":2,"href":"https:\/\/www.lvganderkesee.de\/index.php?rest_route=\/wp\/v2\/pages\/187\/revisions"}],"predecessor-version":[{"id":190,"href":"https:\/\/www.lvganderkesee.de\/index.php?rest_route=\/wp\/v2\/pages\/187\/revisions\/190"}],"up":[{"embeddable":true,"href":"https:\/\/www.lvganderkesee.de\/index.php?rest_route=\/wp\/v2\/pages\/128"}],"wp:attachment":[{"href":"https:\/\/www.lvganderkesee.de\/index.php?rest_route=%2Fwp%2Fv2%2Fmedia&parent=187"}],"curies":[{"name":"wp","href":"https:\/\/api.w.org\/{rel}","templated":true}]}}